{"id":9,"date":"2020-06-03T08:39:24","date_gmt":"2020-06-03T06:39:24","guid":{"rendered":"https:\/\/insolvenz215052209.wordpress.com\/?page_id=9"},"modified":"2020-06-03T08:39:24","modified_gmt":"2020-06-03T06:39:24","slug":"about","status":"publish","type":"page","link":"https:\/\/insolvenz.blog\/index.php\/about\/","title":{"rendered":"\u00dcber Horst D. Deckert"},"content":{"rendered":"\n<div style=\"height:20px;\" aria-hidden=\"true\" class=\"wp-block-spacer\"><\/div>\n\n\n\n<div class=\"wp-block-group alignfull\"><div class=\"wp-block-group__inner-container is-layout-flow wp-block-group-is-layout-flow\">\n<div class=\"wp-block-jetpack-layout-grid alignfull column1-desktop-grid__span-3 column1-desktop-grid__start-2 column1-desktop-grid__row-1 column2-desktop-grid__span-6 column2-desktop-grid__start-6 column2-desktop-grid__row-1 column1-tablet-grid__span-3 column1-tablet-grid__row-1 column2-tablet-grid__span-5 column2-tablet-grid__start-4 column2-tablet-grid__row-1 column1-mobile-grid__span-4 column1-mobile-grid__row-1 column2-mobile-grid__span-4 column2-mobile-grid__row-2\">\n<div class=\"wp-block-jetpack-layout-grid-column wp-block-jetpack-layout-grid__padding-none\">\n<figure class=\"wp-block-image size-large is-style-circle-mask\"><img loading=\"lazy\" decoding=\"async\" width=\"448\" height=\"646\" src=\"https:\/\/insolvenz.blog\/wp-content\/uploads\/2020\/07\/horst-d..png?w=448\" alt=\"\" class=\"wp-image-62\" srcset=\"https:\/\/insolvenz.blog\/wp-content\/uploads\/2020\/07\/horst-d..png 448w, https:\/\/insolvenz.blog\/wp-content\/uploads\/2020\/07\/horst-d.-208x300.png 208w\" sizes=\"auto, (max-width: 448px) 100vw, 448px\" \/><figcaption>Horst D. Deckert<\/figcaption><\/figure>\n<\/div>\n\n\n\n<div class=\"wp-block-jetpack-layout-grid-column wp-block-jetpack-layout-grid__padding-none\">\n<h2 class=\"wp-block-heading\">Warum ausgerechnet ich, Horst D. Deckert, Ihnen helfen kann, Ihr Verm\u00f6gen, Ihre Existenz und Ihre Zukunft unangreifbar abzusichern?<\/h2>\n\n\n\n<h2 class=\"wp-block-heading\">Das k\u00f6nnen Sie in einem kostenlosen\u00a0<a rel=\"noreferrer noopener\" target=\"_blank\" href=\"https:\/\/www.terminland.de\/strategie\/\">Gespr\u00e4ch<\/a> leicht herausfinden.\u00a0<\/h2>\n\n\n\n<p><strong>Sie k\u00f6nnen es sich selbst ausrechnen, was Ihnen die Beratung und Umsetzung unterm Strich bringt. Und wieviel Geld Sie t\u00e4glich verlieren, wenn Sie mein Angebot nicht in Anspruch nehmen. <\/strong><\/p>\n\n\n\n<h2 class=\"wp-block-heading\"><strong>Wer kann so etwas von sich behaupten?<\/strong><\/h2>\n\n\n\n<p>Nur jemand, der seit 1971 im Dienst von Inhabern, Gesch\u00e4ftsf\u00fchrern, Unternehmern steht und beste Referenzen vorweisen kann! Und der selbst ein erfolgreicher Unternehmer ist.\u00a0<\/p>\n\n\n\n<p>Der seit 11 Jahren gemeinsam mit einem spezialisierten Schuldnerberater nachweisbar einige Hundert Unternehmer entschuldet hat. Nat\u00fcrlich nicht in Deutschland, sondern im nahen EU-Ausland v\u00f6llig legal nach geltendem EU Insolvenzrecht. Die Restschuldbefreiung wird deshalb in allen EU-Staaten garantiert anerkannt.<\/p>\n\n\n\n<p>Und der mal so aus dem Stand ohne Bankkredite Unternehmen gr\u00fcndet, die ein paar Millionen umsetzen und vom ersten Tag an Gewinne abwerfen.&nbsp;<\/p>\n\n\n\n<p>Der Steuertipps kennt, die Ihnen der Steuerberater verschweigt, falls er sie \u00fcberhaupt kennt.&nbsp;<\/p>\n\n\n\n<p>Der in Deutschland v\u00f6llig legal in Abstimmung mit dem Finanzamt selbst seit Jahren ein steuerfreies Unternehmen betreibt.\u00a0<\/p>\n\n\n\n<p>Der Erfahrung hat im Einsatz wirksamer Notwehr- und&nbsp;Selbstverteidigungs-Strategien gegen Finanzamt und Beh\u00f6rdenwillk\u00fcr. Vor allem, wenn Sie GmbH-Gesch\u00e4ftsf\u00fchrer sind!&nbsp;<\/p>\n\n\n\n<p>Fast 50 Jahre Erfahrung in Strategie und Umsetzung hat keiner! Sie k\u00f6nnen deshalb nur gewinnen. Buchen Sie einen kostenlosen&nbsp;<a target=\"_blank\" rel=\"noreferrer noopener\" href=\"https:\/\/www.terminland.de\/strategie\/\">Gespr\u00e4chstermin<\/a>.<\/p>\n<\/div>\n<\/div>\n<\/div><\/div>\n","protected":false},"excerpt":{"rendered":"","protected":false},"author":1,"featured_media":0,"parent":0,"menu_order":0,"comment_status":"closed","ping_status":"closed","template":"","meta":{"_mo_disable_npp":"","footnotes":""},"class_list":["post-9","page","type-page","status-publish","hentry","no-post-thumbnail","entry"],"_links":{"self":[{"href":"https:\/\/insolvenz.blog\/index.php\/wp-json\/wp\/v2\/pages\/9","targetHints":{"allow":["GET"]}}],"collection":[{"href":"https:\/\/insolvenz.blog\/index.php\/wp-json\/wp\/v2\/pages"}],"about":[{"href":"https:\/\/insolvenz.blog\/index.php\/wp-json\/wp\/v2\/types\/page"}],"author":[{"embeddable":true,"href":"https:\/\/insolvenz.blog\/index.php\/wp-json\/wp\/v2\/users\/1"}],"replies":[{"embeddable":true,"href":"https:\/\/insolvenz.blog\/index.php\/wp-json\/wp\/v2\/comments?post=9"}],"version-history":[{"count":0,"href":"https:\/\/insolvenz.blog\/index.php\/wp-json\/wp\/v2\/pages\/9\/revisions"}],"wp:attachment":[{"href":"https:\/\/insolvenz.blog\/index.php\/wp-json\/wp\/v2\/media?parent=9"}],"curies":[{"name":"wp","href":"https:\/\/api.w.org\/{rel}","templated":true}]}}